{"id":83,"date":"2026-03-24T14:12:24","date_gmt":"2026-03-24T14:12:24","guid":{"rendered":"https:\/\/distribuidorahernandez.com\/?page_id=83"},"modified":"2026-04-01T18:38:12","modified_gmt":"2026-04-01T18:38:12","slug":"inicio","status":"publish","type":"page","link":"https:\/\/distribuidorahernandez.com\/","title":{"rendered":"Inicio"},"content":{"rendered":"\n\n\n\n\n<p><\/p>\n\n\n\n<p><\/p>\n\n\n\n<p><\/p>\n\n\n\n<p class=\"has-text-align-center\"><strong>M\u00e1s de 20 a\u00f1os de experiencia nos han dejado un camino de aprendizaje en distribuci\u00f3n y comercializaci\u00f3n de pollo, tanto vivo como procesado.<br>Para Distribuidora Hernandez la alimentaci\u00f3n de las familias mexicanas es de suma importancia, por lo que, a trav\u00e9s de la comercializaci\u00f3n de pollo vivo y procesado de la m\u00e1s alta calidad, contribuimos a una mejor nutrici\u00f3n.<\/strong><br><\/p>\n\n\n<div class=\"wp-block-image\">\n<figure class=\"aligncenter size-large\"><img fetchpriority=\"high\" decoding=\"async\" width=\"1024\" height=\"635\" src=\"https:\/\/distribuidorahernandez.com\/wp-content\/uploads\/2026\/03\/SAN-ANTONIO-1024x635.jpg\" alt=\"\" class=\"wp-image-123\" srcset=\"https:\/\/distribuidorahernandez.com\/wp-content\/uploads\/2026\/03\/SAN-ANTONIO-1024x635.jpg 1024w, https:\/\/distribuidorahernandez.com\/wp-content\/uploads\/2026\/03\/SAN-ANTONIO-300x186.jpg 300w, https:\/\/distribuidorahernandez.com\/wp-content\/uploads\/2026\/03\/SAN-ANTONIO-768x477.jpg 768w, https:\/\/distribuidorahernandez.com\/wp-content\/uploads\/2026\/03\/SAN-ANTONIO.jpg 1078w\" sizes=\"(max-width: 1024px) 100vw, 1024px\" \/><\/figure>\n<\/div>\n\n\n<p><\/p>\n","protected":false},"excerpt":{"rendered":"<p>M\u00e1s de 20 a\u00f1os de experiencia nos han dejado un camino de aprendizaje en distribuci\u00f3n y comercializaci\u00f3n de pollo, tanto vivo como procesado.Para Distribuidora Hernandez la alimentaci\u00f3n de las familias<\/p>\n<p><a href=\"https:\/\/distribuidorahernandez.com\/\" class=\"more-link\">Continuar leyendo..<span class=\"screen-reader-text\">Inicio<\/span><\/a><\/p>\n","protected":false},"author":1,"featured_media":0,"parent":0,"menu_order":0,"comment_status":"closed","ping_status":"closed","template":"page-templates\/fullwidth-page.php","meta":{"footnotes":""},"class_list":["post-83","page","type-page","status-publish","hentry"],"yoast_head":"<!-- This site is optimized with the Yoast SEO plugin v27.1.1 - https:\/\/yoast.com\/product\/yoast-seo-wordpress\/ -->\n<title>Inicio -<\/title>\n<meta name=\"robots\" content=\"index, follow, max-snippet:-1, max-image-preview:large, max-video-preview:-1\" \/>\n<link rel=\"canonical\" href=\"https:\/\/distribuidorahernandez.com\/\" \/>\n<meta property=\"og:locale\" content=\"es_ES\" \/>\n<meta property=\"og:type\" content=\"article\" \/>\n<meta property=\"og:title\" content=\"Inicio -\" \/>\n<meta property=\"og:description\" content=\"M\u00e1s de 20 a\u00f1os de experiencia nos han dejado un camino de aprendizaje en distribuci\u00f3n y comercializaci\u00f3n de pollo, tanto vivo como procesado.Para Distribuidora Hernandez la alimentaci\u00f3n de las familiasContinuar leyendo..Inicio\" \/>\n<meta property=\"og:url\" content=\"https:\/\/distribuidorahernandez.com\/\" \/>\n<meta property=\"article:modified_time\" content=\"2026-04-01T18:38:12+00:00\" \/>\n<meta property=\"og:image\" content=\"https:\/\/distribuidorahernandez.com\/wp-content\/uploads\/2026\/03\/SAN-ANTONIO-1024x635.jpg\" \/>\n<meta name=\"twitter:card\" content=\"summary_large_image\" \/>\n<meta name=\"twitter:label1\" content=\"Tiempo de lectura\" \/>\n\t<meta name=\"twitter:data1\" content=\"1 minuto\" \/>\n<script type=\"application\/ld+json\" class=\"yoast-schema-graph\">{\"@context\":\"https:\/\/schema.org\",\"@graph\":[{\"@type\":\"WebPage\",\"@id\":\"https:\/\/distribuidorahernandez.com\/\",\"url\":\"https:\/\/distribuidorahernandez.com\/\",\"name\":\"Inicio -\",\"isPartOf\":{\"@id\":\"https:\/\/distribuidorahernandez.com\/#website\"},\"primaryImageOfPage\":{\"@id\":\"https:\/\/distribuidorahernandez.com\/#primaryimage\"},\"image\":{\"@id\":\"https:\/\/distribuidorahernandez.com\/#primaryimage\"},\"thumbnailUrl\":\"https:\/\/distribuidorahernandez.com\/wp-content\/uploads\/2026\/03\/SAN-ANTONIO-1024x635.jpg\",\"datePublished\":\"2026-03-24T14:12:24+00:00\",\"dateModified\":\"2026-04-01T18:38:12+00:00\",\"breadcrumb\":{\"@id\":\"https:\/\/distribuidorahernandez.com\/#breadcrumb\"},\"inLanguage\":\"es\",\"potentialAction\":[{\"@type\":\"ReadAction\",\"target\":[\"https:\/\/distribuidorahernandez.com\/\"]}]},{\"@type\":\"ImageObject\",\"inLanguage\":\"es\",\"@id\":\"https:\/\/distribuidorahernandez.com\/#primaryimage\",\"url\":\"https:\/\/distribuidorahernandez.com\/wp-content\/uploads\/2026\/03\/SAN-ANTONIO.jpg\",\"contentUrl\":\"https:\/\/distribuidorahernandez.com\/wp-content\/uploads\/2026\/03\/SAN-ANTONIO.jpg\",\"width\":1078,\"height\":669},{\"@type\":\"BreadcrumbList\",\"@id\":\"https:\/\/distribuidorahernandez.com\/#breadcrumb\",\"itemListElement\":[{\"@type\":\"ListItem\",\"position\":1,\"name\":\"Portada\",\"item\":\"https:\/\/distribuidorahernandez.com\/\"},{\"@type\":\"ListItem\",\"position\":2,\"name\":\"Inicio\"}]},{\"@type\":\"WebSite\",\"@id\":\"https:\/\/distribuidorahernandez.com\/#website\",\"url\":\"https:\/\/distribuidorahernandez.com\/\",\"name\":\"\",\"description\":\"VENTA DE POLLO VIVO Y PROCESADO\",\"potentialAction\":[{\"@type\":\"SearchAction\",\"target\":{\"@type\":\"EntryPoint\",\"urlTemplate\":\"https:\/\/distribuidorahernandez.com\/?s={search_term_string}\"},\"query-input\":{\"@type\":\"PropertyValueSpecification\",\"valueRequired\":true,\"valueName\":\"search_term_string\"}}],\"inLanguage\":\"es\"}]}<\/script>\n<!-- \/ Yoast SEO plugin. -->","yoast_head_json":{"title":"Inicio -","robots":{"index":"index","follow":"follow","max-snippet":"max-snippet:-1","max-image-preview":"max-image-preview:large","max-video-preview":"max-video-preview:-1"},"canonical":"https:\/\/distribuidorahernandez.com\/","og_locale":"es_ES","og_type":"article","og_title":"Inicio -","og_description":"M\u00e1s de 20 a\u00f1os de experiencia nos han dejado un camino de aprendizaje en distribuci\u00f3n y comercializaci\u00f3n de pollo, tanto vivo como procesado.Para Distribuidora Hernandez la alimentaci\u00f3n de las familiasContinuar leyendo..Inicio","og_url":"https:\/\/distribuidorahernandez.com\/","article_modified_time":"2026-04-01T18:38:12+00:00","og_image":[{"url":"https:\/\/distribuidorahernandez.com\/wp-content\/uploads\/2026\/03\/SAN-ANTONIO-1024x635.jpg","type":"","width":"","height":""}],"twitter_card":"summary_large_image","twitter_misc":{"Tiempo de lectura":"1 minuto"},"schema":{"@context":"https:\/\/schema.org","@graph":[{"@type":"WebPage","@id":"https:\/\/distribuidorahernandez.com\/","url":"https:\/\/distribuidorahernandez.com\/","name":"Inicio -","isPartOf":{"@id":"https:\/\/distribuidorahernandez.com\/#website"},"primaryImageOfPage":{"@id":"https:\/\/distribuidorahernandez.com\/#primaryimage"},"image":{"@id":"https:\/\/distribuidorahernandez.com\/#primaryimage"},"thumbnailUrl":"https:\/\/distribuidorahernandez.com\/wp-content\/uploads\/2026\/03\/SAN-ANTONIO-1024x635.jpg","datePublished":"2026-03-24T14:12:24+00:00","dateModified":"2026-04-01T18:38:12+00:00","breadcrumb":{"@id":"https:\/\/distribuidorahernandez.com\/#breadcrumb"},"inLanguage":"es","potentialAction":[{"@type":"ReadAction","target":["https:\/\/distribuidorahernandez.com\/"]}]},{"@type":"ImageObject","inLanguage":"es","@id":"https:\/\/distribuidorahernandez.com\/#primaryimage","url":"https:\/\/distribuidorahernandez.com\/wp-content\/uploads\/2026\/03\/SAN-ANTONIO.jpg","contentUrl":"https:\/\/distribuidorahernandez.com\/wp-content\/uploads\/2026\/03\/SAN-ANTONIO.jpg","width":1078,"height":669},{"@type":"BreadcrumbList","@id":"https:\/\/distribuidorahernandez.com\/#breadcrumb","itemListElement":[{"@type":"ListItem","position":1,"name":"Portada","item":"https:\/\/distribuidorahernandez.com\/"},{"@type":"ListItem","position":2,"name":"Inicio"}]},{"@type":"WebSite","@id":"https:\/\/distribuidorahernandez.com\/#website","url":"https:\/\/distribuidorahernandez.com\/","name":"","description":"VENTA DE POLLO VIVO Y PROCESADO","potentialAction":[{"@type":"SearchAction","target":{"@type":"EntryPoint","urlTemplate":"https:\/\/distribuidorahernandez.com\/?s={search_term_string}"},"query-input":{"@type":"PropertyValueSpecification","valueRequired":true,"valueName":"search_term_string"}}],"inLanguage":"es"}]}},"_links":{"self":[{"href":"https:\/\/distribuidorahernandez.com\/index.php?rest_route=\/wp\/v2\/pages\/83","targetHints":{"allow":["GET"]}}],"collection":[{"href":"https:\/\/distribuidorahernandez.com\/index.php?rest_route=\/wp\/v2\/pages"}],"about":[{"href":"https:\/\/distribuidorahernandez.com\/index.php?rest_route=\/wp\/v2\/types\/page"}],"author":[{"embeddable":true,"href":"https:\/\/distribuidorahernandez.com\/index.php?rest_route=\/wp\/v2\/users\/1"}],"replies":[{"embeddable":true,"href":"https:\/\/distribuidorahernandez.com\/index.php?rest_route=%2Fwp%2Fv2%2Fcomments&post=83"}],"version-history":[{"count":15,"href":"https:\/\/distribuidorahernandez.com\/index.php?rest_route=\/wp\/v2\/pages\/83\/revisions"}],"predecessor-version":[{"id":238,"href":"https:\/\/distribuidorahernandez.com\/index.php?rest_route=\/wp\/v2\/pages\/83\/revisions\/238"}],"wp:attachment":[{"href":"https:\/\/distribuidorahernandez.com\/index.php?rest_route=%2Fwp%2Fv2%2Fmedia&parent=83"}],"curies":[{"name":"wp","href":"https:\/\/api.w.org\/{rel}","templated":true}]}}